{"id":3199,"date":"2014-05-09T20:02:14","date_gmt":"2014-05-09T18:02:14","guid":{"rendered":"http:\/\/myblog.foentrich.de\/?page_id=3199"},"modified":"2014-05-09T20:02:45","modified_gmt":"2014-05-09T18:02:45","slug":"bilder-und-themen-2","status":"publish","type":"page","link":"http:\/\/myblog.foentrich.de\/?page_id=3199","title":{"rendered":"Bilder und Themen"},"content":{"rendered":"<p style=\"text-align: center;\">Hier sollen in regelm\u00e4\u00dfigen Abst\u00e4nden Bilder stehen, die ein Thema aufgreifen.<\/p>\n<p><a href=\"http:\/\/myblog.foentrich.de\/wp-content\/uploads\/2012\/11\/IMG_1673_v1a2c.jpg\"><img decoding=\"async\" class=\"size-full wp-image-1009 aligncenter\" alt=\"Herbst oder schon Winter\" src=\"http:\/\/myblog.foentrich.de\/wp-content\/uploads\/2012\/11\/IMG_1673_v1a2c.jpg\" \/><\/a><\/p>\n","protected":false},"excerpt":{"rendered":"<p>Hier sollen in regelm\u00e4\u00dfigen Abst\u00e4nden Bilder stehen, die ein Thema aufgreifen.<\/p>\n","protected":false},"author":1,"featured_media":0,"parent":0,"menu_order":0,"comment_status":"open","ping_status":"open","template":"","meta":{"footnotes":""},"class_list":["post-3199","page","type-page","status-publish","hentry"],"_links":{"self":[{"href":"http:\/\/myblog.foentrich.de\/index.php?rest_route=\/wp\/v2\/pages\/3199","targetHints":{"allow":["GET"]}}],"collection":[{"href":"http:\/\/myblog.foentrich.de\/index.php?rest_route=\/wp\/v2\/pages"}],"about":[{"href":"http:\/\/myblog.foentrich.de\/index.php?rest_route=\/wp\/v2\/types\/page"}],"author":[{"embeddable":true,"href":"http:\/\/myblog.foentrich.de\/index.php?rest_route=\/wp\/v2\/users\/1"}],"replies":[{"embeddable":true,"href":"http:\/\/myblog.foentrich.de\/index.php?rest_route=%2Fwp%2Fv2%2Fcomments&post=3199"}],"version-history":[{"count":3,"href":"http:\/\/myblog.foentrich.de\/index.php?rest_route=\/wp\/v2\/pages\/3199\/revisions"}],"predecessor-version":[{"id":3202,"href":"http:\/\/myblog.foentrich.de\/index.php?rest_route=\/wp\/v2\/pages\/3199\/revisions\/3202"}],"wp:attachment":[{"href":"http:\/\/myblog.foentrich.de\/index.php?rest_route=%2Fwp%2Fv2%2Fmedia&parent=3199"}],"curies":[{"name":"wp","href":"https:\/\/api.w.org\/{rel}","templated":true}]}}